{"id":11486,"date":"2021-01-19T15:39:38","date_gmt":"2021-01-19T14:39:38","guid":{"rendered":"https:\/\/producersart.com\/?post_type=product&#038;p=11486"},"modified":"2024-12-14T07:49:16","modified_gmt":"2024-12-14T06:49:16","slug":"babaismus","status":"publish","type":"product","link":"https:\/\/producersart.com\/index.php\/product\/babaismus\/","title":{"rendered":"Babaismus"},"content":{"rendered":"<p>Text aus 2006<\/p>\n<p>Puppen, Barbiepuppen, Schaufensterpuppen\u2026Trendsetterin, Ikone, Traumfrau? Sie machen jede Mode mit, schl\u00fcpfen in jede Uniform und passen sich flexibel dem jeweiligen Zeitgeist an! Opportunistinnen als Ideal?<\/p>\n<p>Die \u00a0K\u00fcnstlerin Eva Horstick-Schmitt \u00a0lebte 2005 ein halbes Jahr mit \u00fcber 7 Schaufensterpuppen und hat diese in ihrem allt\u00e4glichen Umfeld fotografisch inszeniert. Daraufhin kam sie auf die Idee,&lt;b&gt; die Puppen als Installation zum Thema der Fu\u00dfball-WM in Dortmund 2006 zu gestalten mitsamt ihrer Barbiepuppenvollversammlung.<\/p>\n<p>Eva Horstick-Schmitt \u00a0greift dabei in die gestylte Fassadenwelt der Schaufensterpuppen ein und verkn\u00fcpft Fotokunst und Performance zur Verst\u00f6rung des gewohnten Blicks: lebendig aussehende Schaufensterpuppen als Parade und Barbiewahn zum Quadrat.<\/p>\n<p>Allerdings zeigen sich die sch\u00f6n geschm\u00fcckten Schaufensterpuppen nicht wie gewohnt hinter sch\u00fctzendem Glas, unantastbar gestylt und aufgemotzt hinter Scheiben.&lt;b&gt; Die Welt der Puppen&lt;\/b&gt;wird lebendig, in einer Kunstperformance kreativ zur Schau gestellt. Die Realit\u00e4t transformiert sich zur b\u00fchnenhaften Inszenierung, in der das allt\u00e4gliche Sein im Design erfroren ist.<\/p>\n<p>Mit ihren Puppen-Installationen greift die K\u00fcnstlerin&lt;b&gt; Eva Horstick-Schmitt \u00a0den grundlegenden Sch\u00f6hnheitswahn der Gegenwartsgesellschaft auf. \u201eK\u00f6rperkult und Sch\u00f6nheitswahn\u201c \u2013 ein Diskurs, der in der soziologischen Forschung aktuell intensiv unter der Herrschaftskategorie &lt;b&gt;\u201eBodyismus&lt;\/b&gt;\u201c diskutiert und analysiert wird, erf\u00e4hrt durch die fotok\u00fcnstlerische Performance irritierende und verst\u00f6rende Einsichten.<\/p>\n<p>\u201eBabaismus\u201c nennt die Fotok\u00fcnstlerin ihr Projekt, mit bewusstem Verweis auf dadaistische Traditionen.&lt;b&gt; Schon 1999 erstellte Eva Horstick-Schmitt Anz\u00fcge mit Frauengesichtern, Fotoarbeiten&lt;\/b&gt; und lie\u00df diese zur Er\u00f6ffnung des Coloneums K\u00f6ln von zwei Models vorf\u00fchren.<\/p>\n<p>\u201eModelwahn zum Quadrat!\u201c Eva nahm die Barbies mit auf Reisen, ver\u00e4nderte ihr Gesicht und machte sie zu einer Begleiterin als Mahnmal f\u00fcr unseren Sch\u00f6nheitswahn zum Quadrat.<\/p>\n<p>In der Galerie Camera Obscura pr\u00e4sentierte sie 2009 und 2008 ihre Barbiepuppenfotografien neben ihren Reportagen aus dem Kosovo zum Thema Menschenhandel, stellte Rauminstallationen auf mit Videos, Modemagazinen,<\/p>\n<p>Zeitungsausschnitten von Opfern und dem Torso einer gequ\u00e4lten Puppe \u2013 als Stimme gegen Krieg und Gewalt, sowie mit Paketband auf den Boden geklebte schwarz-wei\u00df Fotografien von Opfern und Massengr\u00e4bern.<\/p>\n<p>Sie scheute sich nicht die Besucher*innen der Galerie auf diese Weise auf die Greultaten und Grausamkeiten in Kriegs- und Krisengebieten aufmerksam zu machen. \u201eEva \u2013 jenseits von Eden\u201c nannte sie diese Serie.<\/p>\n<p>Prof. Dr. Claudia Rademacher<\/p>\n<p>&nbsp;<\/p>\n<p>dE Serie umfasst analoge Aufnahmen aus 2006 &#8211; insgesamt gibt es eine komplette Ausstellung zum Thema<\/p>\n","protected":false},"excerpt":{"rendered":"<p>Mit ihren Puppen-Installationen greift die K\u00fcnstlerin Eva- Maria Horstick den grundlegenden Sch\u00f6hnheitswahn der Gegenwartsgesellschaft auf. Fotoreihe Babaismus (c)2006<\/p>\n","protected":false},"featured_media":11485,"template":"","meta":{"_acf_changed":false,"_et_pb_use_builder":"","_et_pb_old_content":"","_et_gb_content_width":""},"product_cat":[29],"product_tag":[],"acf":[],"_links":{"self":[{"href":"https:\/\/producersart.com\/index.php\/wp-json\/wp\/v2\/product\/11486"}],"collection":[{"href":"https:\/\/producersart.com\/index.php\/wp-json\/wp\/v2\/product"}],"about":[{"href":"https:\/\/producersart.com\/index.php\/wp-json\/wp\/v2\/types\/product"}],"wp:featuredmedia":[{"embeddable":true,"href":"https:\/\/producersart.com\/index.php\/wp-json\/wp\/v2\/media\/11485"}],"wp:attachment":[{"href":"https:\/\/producersart.com\/index.php\/wp-json\/wp\/v2\/media?parent=11486"}],"wp:term":[{"taxonomy":"product_cat","embeddable":true,"href":"https:\/\/producersart.com\/index.php\/wp-json\/wp\/v2\/product_cat?post=11486"},{"taxonomy":"product_tag","embeddable":true,"href":"https:\/\/producersart.com\/index.php\/wp-json\/wp\/v2\/product_tag?post=11486"}],"curies":[{"name":"wp","href":"https:\/\/api.w.org\/{rel}","templated":true}]}}