{"id":11306,"date":"2021-01-09T20:01:47","date_gmt":"2021-01-09T19:01:47","guid":{"rendered":"https:\/\/producersart.com\/?post_type=product&#038;p=11306"},"modified":"2021-01-09T20:01:47","modified_gmt":"2021-01-09T19:01:47","slug":"girl-2","status":"publish","type":"product","link":"https:\/\/producersart.com\/index.php\/product\/girl-2\/","title":{"rendered":"Girl&#8221;"},"content":{"rendered":"<p>Diese Arbeit ist Teil eines Werkzyklus zum Thema Zeit und Erinnerung.<\/p>\n<p>Was bedeutet Erinnerung, was bedeutet Zeit? In der Auseinandersetzung mit Zeit geht es um die M\u00f6glichkeit sowie Unm\u00f6glichkeit, Vergangenes in der Gegenwart wieder zu finden, wieder zu beleben. Was pr\u00e4sent und ganz nah erscheint, ist fort, ist Abbild nicht mehr existierender Orte einer vergangenen Zeit.<\/p>\n","protected":false},"excerpt":{"rendered":"<p>Diese Arbeit ist Teil eines Werkzyklus zum Thema Zeit und Erinnerung. Was bedeutet Erinnerung, was bedeutet Zeit? In der Auseinandersetzung mit Zeit geht es um die M\u00f6glichkeit sowie Unm\u00f6glichkeit, Vergangenes in der Gegenwart wieder zu finden, wieder zu beleben. Was pr\u00e4sent und ganz nah erscheint, ist fort, ist Abbild nicht mehr existierender Orte einer vergangenen [&hellip;]<\/p>\n","protected":false},"featured_media":11305,"template":"","meta":{"_acf_changed":false,"_et_pb_use_builder":"","_et_pb_old_content":"","_et_gb_content_width":""},"product_cat":[29],"product_tag":[],"acf":[],"_links":{"self":[{"href":"https:\/\/producersart.com\/index.php\/wp-json\/wp\/v2\/product\/11306"}],"collection":[{"href":"https:\/\/producersart.com\/index.php\/wp-json\/wp\/v2\/product"}],"about":[{"href":"https:\/\/producersart.com\/index.php\/wp-json\/wp\/v2\/types\/product"}],"wp:featuredmedia":[{"embeddable":true,"href":"https:\/\/producersart.com\/index.php\/wp-json\/wp\/v2\/media\/11305"}],"wp:attachment":[{"href":"https:\/\/producersart.com\/index.php\/wp-json\/wp\/v2\/media?parent=11306"}],"wp:term":[{"taxonomy":"product_cat","embeddable":true,"href":"https:\/\/producersart.com\/index.php\/wp-json\/wp\/v2\/product_cat?post=11306"},{"taxonomy":"product_tag","embeddable":true,"href":"https:\/\/producersart.com\/index.php\/wp-json\/wp\/v2\/product_tag?post=11306"}],"curies":[{"name":"wp","href":"https:\/\/api.w.org\/{rel}","templated":true}]}}