{"id":11250,"date":"2021-01-08T17:14:15","date_gmt":"2021-01-08T16:14:15","guid":{"rendered":"https:\/\/producersart.com\/?post_type=product&#038;p=11250"},"modified":"2021-01-08T21:18:12","modified_gmt":"2021-01-08T20:18:12","slug":"are-we-there-yet","status":"publish","type":"product","link":"https:\/\/producersart.com\/index.php\/product\/are-we-there-yet\/","title":{"rendered":"&#8220;Are we there yet?&#8221;"},"content":{"rendered":"<p>Was bedeutet Erinnerung, was bedeutet Zeit?<br \/>\nIn der Auseinandersetzung mit Zeit geht es um die M\u00f6glichkeit sowie Unm\u00f6glichkeit, Vergangenes in der Gegenwart wieder zu finden oderwieder zu beleben.Was pr\u00e4sent und ganz nah erscheint, ist fort, ist Abbild nicht mehr existierender Orte einer vergangenen Zeit.<\/p>\n","protected":false},"excerpt":{"rendered":"<p>&quot;Are we there yet?&quot; <\/p>\n","protected":false},"featured_media":11249,"template":"","meta":{"_acf_changed":false,"_et_pb_use_builder":"","_et_pb_old_content":"","_et_gb_content_width":""},"product_cat":[29],"product_tag":[],"acf":[],"_links":{"self":[{"href":"https:\/\/producersart.com\/index.php\/wp-json\/wp\/v2\/product\/11250"}],"collection":[{"href":"https:\/\/producersart.com\/index.php\/wp-json\/wp\/v2\/product"}],"about":[{"href":"https:\/\/producersart.com\/index.php\/wp-json\/wp\/v2\/types\/product"}],"wp:featuredmedia":[{"embeddable":true,"href":"https:\/\/producersart.com\/index.php\/wp-json\/wp\/v2\/media\/11249"}],"wp:attachment":[{"href":"https:\/\/producersart.com\/index.php\/wp-json\/wp\/v2\/media?parent=11250"}],"wp:term":[{"taxonomy":"product_cat","embeddable":true,"href":"https:\/\/producersart.com\/index.php\/wp-json\/wp\/v2\/product_cat?post=11250"},{"taxonomy":"product_tag","embeddable":true,"href":"https:\/\/producersart.com\/index.php\/wp-json\/wp\/v2\/product_tag?post=11250"}],"curies":[{"name":"wp","href":"https:\/\/api.w.org\/{rel}","templated":true}]}}