{"id":10304,"date":"2020-11-05T15:51:52","date_gmt":"2020-11-05T14:51:52","guid":{"rendered":"https:\/\/producersart.com\/?post_type=product&#038;p=10304"},"modified":"2020-11-05T15:51:52","modified_gmt":"2020-11-05T14:51:52","slug":"festkochend_kuckuckseier","status":"publish","type":"product","link":"https:\/\/producersart.com\/index.php\/product\/festkochend_kuckuckseier\/","title":{"rendered":"Festkochend_Kuckuckseier"},"content":{"rendered":"<p>&quot;Festkochend&quot; entstand f\u00fcr eine Fahneninstallation in der Innenstadt der Kartoffelstadt Eppingen in Baden-W\u00fcrttemberg im Jahr 2008 und wurde 2018 f\u00fcr eine C-Print-Edition bearbeitet. Die Fahnen hatten das Hochformat von 280 x 130 cm. Aus dem Fahnenstoff\u00a0entstand\u00a0eine Taschenedition. Die gezeigte Werkreihe wurde 2018 im Format bearbeitet und liegt in einer 3-er Auflage vor. Kartoffeln und Kartoffels\u00e4cke als Models, als Protagonisten in ironisierenden Inszenierungen\u2026<\/p>\n<p>&nbsp;<\/p>\n","protected":false},"excerpt":{"rendered":"<p>&quot;Festkochend&quot; entstand f\u00fcr eine Fahneninstallation in der Innenstadt der Kartoffelstadt Eppingen in Baden-W\u00fcrttemberg im Jahr 2008 und wurde 2018 f\u00fcr eine C-Print-Edition bearbeitet.<\/p>\n","protected":false},"featured_media":10303,"template":"","meta":{"_acf_changed":false,"_et_pb_use_builder":"","_et_pb_old_content":"","_et_gb_content_width":""},"product_cat":[29],"product_tag":[],"acf":[],"_links":{"self":[{"href":"https:\/\/producersart.com\/index.php\/wp-json\/wp\/v2\/product\/10304"}],"collection":[{"href":"https:\/\/producersart.com\/index.php\/wp-json\/wp\/v2\/product"}],"about":[{"href":"https:\/\/producersart.com\/index.php\/wp-json\/wp\/v2\/types\/product"}],"wp:featuredmedia":[{"embeddable":true,"href":"https:\/\/producersart.com\/index.php\/wp-json\/wp\/v2\/media\/10303"}],"wp:attachment":[{"href":"https:\/\/producersart.com\/index.php\/wp-json\/wp\/v2\/media?parent=10304"}],"wp:term":[{"taxonomy":"product_cat","embeddable":true,"href":"https:\/\/producersart.com\/index.php\/wp-json\/wp\/v2\/product_cat?post=10304"},{"taxonomy":"product_tag","embeddable":true,"href":"https:\/\/producersart.com\/index.php\/wp-json\/wp\/v2\/product_tag?post=10304"}],"curies":[{"name":"wp","href":"https:\/\/api.w.org\/{rel}","templated":true}]}}