{"id":10000,"date":"2020-09-17T08:42:55","date_gmt":"2020-09-17T06:42:55","guid":{"rendered":"https:\/\/producersart.com\/?post_type=product&#038;p=10000"},"modified":"2020-09-24T15:39:55","modified_gmt":"2020-09-24T13:39:55","slug":"magic-window","status":"publish","type":"product","link":"https:\/\/producersart.com\/index.php\/product\/magic-window\/","title":{"rendered":"NO2+CO2"},"content":{"rendered":"<p>Topic: Lyrical Landscape<\/p>\n<p>Painting from the group of works &quot;Two fields, one center&quot;.<br \/>\nExperimentelle Darstellung \u00e4usserer Sch\u00f6nheit als Schutz der Inneren Entwicklung\u201c Es entsteht eine Transformation der Intensit\u00e4t des Innenlebens ins visuell \u00c4sthetische,<\/p>\n<p>Die Werke zeigen eine Gegen\u00fcberstellung zweier extremer Elemente oder Kr\u00e4fte, die auseinander streben, deren Ursprung aus der Mitte kommt. Die Mitte steht f\u00fcr das Potential, ein Kippmoment, woraus immer zwei M\u00f6glichkeiten entstehen k\u00f6nnen. Mitte kann ebenfalls als Haltung gesehen werden. Wie steht der K\u00fcnstler zu seiner \u00dcbertragung des Innenlebens auf das Medium, gleichzeitig fungierend als Barriere und Bindeglied zwischen Werk und Publikum? Wie nimmt er das eigene Zentrum wahr, zwischen Vision und dem fertigen Bild?<br \/>\nZwei Felder mit Zentrum\u201c verbildlicht somit die innere Zerrissenheit. Ein visuelles Oxymoron: Zwei extrem unterschiedliche Elemente existieren gleichzeitig neben-, sowie miteinander. Wie nach dem taoistischen Prinzip des Yin und Yang, ist das eine im anderen enthalten. Im ersten Augenblick vermeintlich gespalten und getrennt durch die Mitte, zeigen sich die Elemente bei genauerem Betrachten als sich erg\u00e4nzendes Paar.<br \/>\nWie in vielen von Curt Walters Werken, ist auch diese Werkgruppe ein Kommentar oder Vision zur momentanen \u00f6kologischen Lage. Der Streitfall Mensch vs. Natur, das Ringen um nat\u00fcrliche Ressourcen, wie Luft und Wasser gekennzeichnet durch die beiden Oppositionen, die ein Spannungsfeld bilden, welches sich im Zentrum aufl\u00f6st.<br \/>\nDas Kollidieren von Utopie und Dystopie, bildet einen Ruhepol zwischen zwei dynamischen Feldern, deren organische Struktur an die Brownsche Molekularbewegung erinnert, als Symbol f\u00fcr die Fl\u00fcchtigkeit der Materie. Abschliessend wurden die\u00a0Werke durch den heissen Sommer 2018 beseelt, wodurch die eigenen dystopischen Erlebnisse verarbeitet und die inneren und \u00e4usseren Ver\u00e4nderungen in die Bilder verflechtet wurden. Die Flucht f\u00fchrt ins Zentrum und aus der Mitte heraus entsteht Bewegung.<\/p>\n<p>Taningco, 2018<\/p>\n","protected":false},"excerpt":{"rendered":"<p>Series: Venetian email oil<br \/>\nSpecial: the original creative power<br \/>\nPhilosophy: emanation<br \/>\nTopic: Lyrical Landscape<br \/>\nQuality: exceptional<br \/>\nComment: I hit the center<\/p>\n","protected":false},"featured_media":10015,"template":"","meta":{"_acf_changed":false,"_et_pb_use_builder":"","_et_pb_old_content":"","_et_gb_content_width":""},"product_cat":[29],"product_tag":[],"acf":[],"_links":{"self":[{"href":"https:\/\/producersart.com\/index.php\/wp-json\/wp\/v2\/product\/10000"}],"collection":[{"href":"https:\/\/producersart.com\/index.php\/wp-json\/wp\/v2\/product"}],"about":[{"href":"https:\/\/producersart.com\/index.php\/wp-json\/wp\/v2\/types\/product"}],"wp:featuredmedia":[{"embeddable":true,"href":"https:\/\/producersart.com\/index.php\/wp-json\/wp\/v2\/media\/10015"}],"wp:attachment":[{"href":"https:\/\/producersart.com\/index.php\/wp-json\/wp\/v2\/media?parent=10000"}],"wp:term":[{"taxonomy":"product_cat","embeddable":true,"href":"https:\/\/producersart.com\/index.php\/wp-json\/wp\/v2\/product_cat?post=10000"},{"taxonomy":"product_tag","embeddable":true,"href":"https:\/\/producersart.com\/index.php\/wp-json\/wp\/v2\/product_tag?post=10000"}],"curies":[{"name":"wp","href":"https:\/\/api.w.org\/{rel}","templated":true}]}}