{"id":3683,"date":"2020-06-04T17:19:16","date_gmt":"2020-06-04T15:19:16","guid":{"rendered":"https:\/\/producersart.com\/?page_id=3683"},"modified":"2021-06-03T20:57:47","modified_gmt":"2021-06-03T18:57:47","slug":"press","status":"publish","type":"page","link":"https:\/\/producersart.com\/index.php\/press\/","title":{"rendered":"Press"},"content":{"rendered":"[et_pb_section fb_built=&#8221;1&#8243; fullwidth=&#8221;on&#8221; _builder_version=&#8221;4.4.7&#8243; background_image=&#8221;https:\/\/producersart.com\/wp-content\/uploads\/2020\/05\/Reyle_Je-ne-sais-pas_header-e1590947426571.png&#8221;][et_pb_fullwidth_header title=&#8221;Content for press and publishing&#8221; subhead=&#8221;HiRes Pictures 300dpi&#8221; background_overlay_color=&#8221;rgba(0,0,0,0)&#8221; _builder_version=&#8221;4.4.8&#8243; title_font=&#8221;|600|||||||&#8221; title_font_size=&#8221;32px&#8221; subhead_font=&#8221;|600|||||||&#8221; subhead_text_color=&#8221;#ffffff&#8221; subhead_font_size=&#8221;20px&#8221; background_color=&#8221;rgba(0,0,0,0)&#8221; background_enable_image=&#8221;off&#8221; title_text_shadow_style=&#8221;preset5&#8243; subhead_text_shadow_style=&#8221;preset5&#8243; subhead_text_shadow_color=&#8221;#000000&#8243;]\n<p>&nbsp;<\/p>\n<p>&nbsp;<\/p>\n<p>&nbsp;<\/p>\n<p>&nbsp;<\/p>\n<p>&nbsp;<\/p>\n<p>&nbsp;<\/p>\n<p>&nbsp;<\/p>\n[\/et_pb_fullwidth_header][\/et_pb_section][et_pb_section fb_built=&#8221;1&#8243; fullwidth=&#8221;on&#8221; _builder_version=&#8221;4.4.8&#8243; custom_margin=&#8221;0px||0px||false|false&#8221; custom_padding=&#8221;0px||0px||false|false&#8221;][et_pb_fullwidth_code _builder_version=&#8221;4.4.8&#8243; text_orientation=&#8221;left&#8221; custom_margin=&#8221;0px||0px||false|false&#8221; custom_padding=&#8221;0px||0px|10px|false|false&#8221; custom_css_main_element=&#8221;font-family: Verdana, Geneva, sans-serif;||text-align: left;||font-size: 8px;||align-items: flex-start;&#8221;]Photo: Matthias Kolb, Studio Anselm Reyle[\/et_pb_fullwidth_code][\/et_pb_section][et_pb_section fb_built=&#8221;1&#8243; _builder_version=&#8221;4.4.7&#8243;][et_pb_row _builder_version=&#8221;4.4.7&#8243;][et_pb_column type=&#8221;4_4&#8243; _builder_version=&#8221;4.4.7&#8243;][et_pb_text _builder_version=&#8221;4.4.7&#8243;]\n<h3>Logo &#8211; Producers Art Platform<\/h3>\n[\/et_pb_text][\/et_pb_column][\/et_pb_row][et_pb_row column_structure=&#8221;1_2,1_2&#8243; _builder_version=&#8221;4.4.7&#8243;][et_pb_column type=&#8221;1_2&#8243; _builder_version=&#8221;4.4.7&#8243;][et_pb_image src=&#8221;https:\/\/producersart.com\/wp-content\/uploads\/2020\/04\/PART-Logo-2.png&#8221; title_text=&#8221;PART-Logo-#2&#8243; _builder_version=&#8221;4.4.7&#8243; width=&#8221;50%&#8221; module_alignment=&#8221;center&#8221;][\/et_pb_image][\/et_pb_column][et_pb_column type=&#8221;1_2&#8243; _builder_version=&#8221;4.4.7&#8243;][et_pb_button button_url=&#8221;https:\/\/producersart.com\/wp-content\/uploads\/2020\/06\/PART-Logo.pdf&#8221; button_text=&#8221;Download scaleable PDF&#8221; button_alignment=&#8221;center&#8221; module_class=&#8221;download-button&#8221; _builder_version=&#8221;4.4.7&#8243; custom_margin=&#8221;35px||||false|false&#8221;][\/et_pb_button][\/et_pb_column][\/et_pb_row][et_pb_row _builder_version=&#8221;4.4.7&#8243;][et_pb_column type=&#8221;4_4&#8243; _builder_version=&#8221;4.4.7&#8243;][et_pb_text _builder_version=&#8221;4.4.8&#8243; hover_enabled=&#8221;0&#8243; sticky_enabled=&#8221;0&#8243;]\n<h3>Latest Press release<\/h3>\n[\/et_pb_text][\/et_pb_column][\/et_pb_row][et_pb_row column_structure=&#8221;1_2,1_2&#8243; _builder_version=&#8221;4.4.7&#8243;][et_pb_column type=&#8221;1_2&#8243; _builder_version=&#8221;4.4.7&#8243;][et_pb_image src=&#8221;https:\/\/producersart.com\/wp-content\/uploads\/2021\/05\/PArt-PM.png&#8221; title_text=&#8221;PArt PM&#8221; align=&#8221;center&#8221; _builder_version=&#8221;4.9.4&#8243; width=&#8221;40%&#8221;][\/et_pb_image][\/et_pb_column][et_pb_column type=&#8221;1_2&#8243; _builder_version=&#8221;4.4.7&#8243;][et_pb_button button_url=&#8221;https:\/\/producersart.com\/wp-content\/uploads\/2021\/05\/PArt_PM_2021.pdf&#8221; button_text=&#8221;Download PDF&#8221; button_alignment=&#8221;center&#8221; module_class=&#8221;download-button&#8221; _builder_version=&#8221;4.9.4&#8243; custom_margin=&#8221;35px||||false|false&#8221;][\/et_pb_button][\/et_pb_column][\/et_pb_row][et_pb_row _builder_version=&#8221;4.9.4&#8243; _module_preset=&#8221;default&#8221;][et_pb_column _builder_version=&#8221;4.9.4&#8243; _module_preset=&#8221;default&#8221; type=&#8221;4_4&#8243;][et_pb_text _builder_version=&#8221;4.9.4&#8243; _module_preset=&#8221;default&#8221; hover_enabled=&#8221;0&#8243; sticky_enabled=&#8221;0&#8243;]\n<h3>Auction catalogue<\/h3>\n[\/et_pb_text][\/et_pb_column][\/et_pb_row][et_pb_row column_structure=&#8221;1_2,1_2&#8243; _builder_version=&#8221;4.4.7&#8243; hover_enabled=&#8221;0&#8243; sticky_enabled=&#8221;0&#8243;][et_pb_column type=&#8221;1_2&#8243; _builder_version=&#8221;4.4.7&#8243; hover_enabled=&#8221;0&#8243; sticky_enabled=&#8221;0&#8243;][et_pb_image src=&#8221;https:\/\/producersart.com\/wp-content\/uploads\/2021\/06\/Cover-PArt-Auktionskatalog.png&#8221; title_text=&#8221;Cover PArt Auktionskatalog&#8221; align=&#8221;center&#8221; _builder_version=&#8221;4.9.4&#8243; width=&#8221;40%&#8221; hover_enabled=&#8221;0&#8243; sticky_enabled=&#8221;0&#8243;][\/et_pb_image][\/et_pb_column][et_pb_column type=&#8221;1_2&#8243; _builder_version=&#8221;4.4.7&#8243;][et_pb_button button_url=&#8221;https:\/\/producersart.com\/wp-content\/uploads\/2021\/06\/PArt-Auktion-II_DS.pdf&#8221; button_text=&#8221;Download PDF&#8221; button_alignment=&#8221;center&#8221; module_class=&#8221;download-button&#8221; _builder_version=&#8221;4.9.4&#8243; custom_margin=&#8221;35px||||false|false&#8221; hover_enabled=&#8221;0&#8243; sticky_enabled=&#8221;0&#8243;][\/et_pb_button][\/et_pb_column][\/et_pb_row][et_pb_row _builder_version=&#8221;4.4.8&#8243;][et_pb_column type=&#8221;4_4&#8243; _builder_version=&#8221;4.4.8&#8243;][et_pb_text _builder_version=&#8221;4.4.7&#8243;]\n<h3>HiRes Artworks given for charity auction<\/h3>\n[\/et_pb_text][\/et_pb_column][\/et_pb_row][et_pb_row column_structure=&#8221;1_2,1_2&#8243; _builder_version=&#8221;4.4.7&#8243;][et_pb_column type=&#8221;1_2&#8243; _builder_version=&#8221;4.4.7&#8243;][et_pb_image src=&#8221;https:\/\/producersart.com\/wp-content\/uploads\/2021\/05\/Heinz_Mack-Chromatische-Konstellation_-Ohne-Titel-2020-scaled.jpg&#8221; title_text=&#8221;Heinz_Mack- Chromatische Konstellation_ Ohne Titel, 2020&#8243; admin_label=&#8221;Ringturm, Sengler&#8221; _builder_version=&#8221;4.9.4&#8243; width=&#8221;50%&#8221; module_alignment=&#8221;center&#8221;][\/et_pb_image][\/et_pb_column][et_pb_column type=&#8221;1_2&#8243; _builder_version=&#8221;4.4.7&#8243;][et_pb_text _builder_version=&#8221;4.4.7&#8243;]\n<h4><span>Heinz Mack, Ohne Titel (Chromatische\u00a0<\/span>Konstellation), 2020, &#8220;mack20&#8221; vorder- und r\u00fcckseitig, 51 x 55 cm, Acryl auf Leinwand<\/h4>\n<p>&nbsp;<\/p>\n<h4><span><\/span><span class=\"\">\u00a0<\/span><\/h4>\n[\/et_pb_text][et_pb_button button_url=&#8221;https:\/\/producersart.com\/wp-content\/uploads\/2021\/05\/Heinz_Mack-Chromatische-Konstellation_-Ohne-Titel-2020-scaled.jpg&#8221; button_text=&#8221;Download Print Resolution&#8221; button_alignment=&#8221;center&#8221; module_class=&#8221;download-button&#8221; _builder_version=&#8221;4.9.4&#8243; custom_margin=&#8221;35px||||false|false&#8221;][\/et_pb_button][\/et_pb_column][\/et_pb_row][et_pb_row column_structure=&#8221;1_2,1_2&#8243; _builder_version=&#8221;4.4.7&#8243;][et_pb_column type=&#8221;1_2&#8243; _builder_version=&#8221;4.4.7&#8243;][et_pb_image src=&#8221;https:\/\/producersart.com\/wp-content\/uploads\/2021\/05\/IMG_9018-scaled.jpg&#8221; title_text=&#8221;IMG_9018&#8243; admin_label=&#8221;Danja Akulin, untitled, 2017&#8243; _builder_version=&#8221;4.9.4&#8243; width=&#8221;50%&#8221; module_alignment=&#8221;center&#8221;][\/et_pb_image][\/et_pb_column][et_pb_column type=&#8221;1_2&#8243; _builder_version=&#8221;4.4.7&#8243;][et_pb_text _builder_version=&#8221;4.9.4&#8243;]\n<h4>Michael Wesely, Stillleben (9.5.-16.5.20), r\u00fcckseitig signiert, 97 x 115 cm, Langzeitbelichtung, Acryl Inkjet print auf verspiegeltem Aluminium<\/h4>\n[\/et_pb_text][et_pb_button button_url=&#8221;https:\/\/producersart.com\/wp-content\/uploads\/2021\/05\/IMG_9018-scaled.jpg&#8221; button_text=&#8221;Download Print Resolution&#8221; button_alignment=&#8221;center&#8221; module_class=&#8221;download-button&#8221; _builder_version=&#8221;4.9.4&#8243; custom_margin=&#8221;35px||||false|false&#8221;][\/et_pb_button][\/et_pb_column][\/et_pb_row][et_pb_row column_structure=&#8221;1_2,1_2&#8243; _builder_version=&#8221;4.4.7&#8243;][et_pb_column type=&#8221;1_2&#8243; _builder_version=&#8221;4.4.7&#8243;][et_pb_image src=&#8221;https:\/\/producersart.com\/wp-content\/uploads\/2021\/05\/Michael_Sailstorfer-Brain_G22021-scaled.jpg&#8221; title_text=&#8221;Michael_Sailstorfer-Brain_G2,2021&#8243; admin_label=&#8221;Maxim Brandt, Docta Ignorantia, 2019&#8243; _builder_version=&#8221;4.9.4&#8243; width=&#8221;50%&#8221; module_alignment=&#8221;center&#8221;][\/et_pb_image][\/et_pb_column][et_pb_column type=&#8221;1_2&#8243; _builder_version=&#8221;4.4.7&#8243;][et_pb_text _builder_version=&#8221;4.9.4&#8243;]\n<h4>Michael Sailstorfer, Brain G2, 2021, signiert Unterseite des St\u00e4nders, 57 x 27 x 25 cm, rope and iron<\/h4>\n[\/et_pb_text][et_pb_button button_url=&#8221;https:\/\/producersart.com\/wp-content\/uploads\/2021\/05\/Michael_Sailstorfer-Brain_G22021-scaled.jpg&#8221; button_text=&#8221;Download Print Resolution&#8221; button_alignment=&#8221;center&#8221; module_class=&#8221;download-button&#8221; _builder_version=&#8221;4.9.4&#8243; custom_margin=&#8221;35px||||false|false&#8221;][\/et_pb_button][\/et_pb_column][\/et_pb_row][et_pb_row column_structure=&#8221;1_2,1_2&#8243; _builder_version=&#8221;4.4.7&#8243;][et_pb_column type=&#8221;1_2&#8243; _builder_version=&#8221;4.4.7&#8243;][et_pb_image src=&#8221;https:\/\/producersart.com\/wp-content\/uploads\/2021\/05\/Alicja_KwadeMy_candle_burns_from_both_ends2020-scaled.jpg&#8221; title_text=&#8221;Alicja_Kwade,My_candle_burns_from_both_ends,2020&#8243; admin_label=&#8221;Michael Wesely&#8221; _builder_version=&#8221;4.9.4&#8243; width=&#8221;50%&#8221; module_alignment=&#8221;center&#8221;][\/et_pb_image][\/et_pb_column][et_pb_column type=&#8221;1_2&#8243; _builder_version=&#8221;4.4.7&#8243;][et_pb_text _builder_version=&#8221;4.9.4&#8243;]\n<h4><span>Alicja Kwade, My candle burns from both ends, 2020, 1,8 x 1,8 cm, bronze painted, Bianco Dolomiti, Unikat<\/span><\/h4>\n[\/et_pb_text][et_pb_button button_url=&#8221;https:\/\/producersart.com\/wp-content\/uploads\/2021\/05\/Alicja_KwadeMy_candle_burns_from_both_ends2020-scaled.jpg&#8221; button_text=&#8221;Download Print Resolution&#8221; button_alignment=&#8221;center&#8221; module_class=&#8221;download-button&#8221; _builder_version=&#8221;4.9.4&#8243; custom_margin=&#8221;35px||||false|false&#8221;][\/et_pb_button][\/et_pb_column][\/et_pb_row][et_pb_row _builder_version=&#8221;4.4.7&#8243;][et_pb_column type=&#8221;4_4&#8243; _builder_version=&#8221;4.4.7&#8243;][et_pb_divider _builder_version=&#8221;4.4.7&#8243;][\/et_pb_divider][\/et_pb_column][\/et_pb_row][et_pb_row column_structure=&#8221;1_2,1_2&#8243; _builder_version=&#8221;4.4.7&#8243;][et_pb_column type=&#8221;1_2&#8243; _builder_version=&#8221;4.4.7&#8243;][et_pb_image src=&#8221;https:\/\/producersart.com\/wp-content\/uploads\/2021\/05\/Karin_Kneffel-skifahrer_092020.jpeg&#8221; title_text=&#8221;Karin_Kneffel-skifahrer_09,2020&#8243; _builder_version=&#8221;4.9.4&#8243; _module_preset=&#8221;default&#8221;][\/et_pb_image][\/et_pb_column][et_pb_column type=&#8221;1_2&#8243; _builder_version=&#8221;4.4.7&#8243;][et_pb_text _builder_version=&#8221;4.9.4&#8243;]\n<h4><span><\/span>Karin Kneffel,\u00a0<span class=\"\">Aquarell auf Siebdruck auf B\u00fctten<\/span>\u00a0<span class=\"\">ohne Titel (Skifahrer*innen), 2020<\/span>, Blattgr\u00f6\u00dfe 23 x 26,8 cm, Bildgr\u00f6\u00dfe 15 x 18,7 cm, vorn unten rechts signiert und datiert<span><\/span><\/h4>\n<h4><span><\/span><\/h4>\n<h4><span><\/span><\/h4>\n<h4><\/h4>\n[\/et_pb_text][et_pb_button button_url=&#8221;https:\/\/producersart.com\/wp-content\/uploads\/2021\/05\/Karin_Kneffel-skifahrer_092020.jpeg&#8221; button_text=&#8221;Download Print Resolution&#8221; button_alignment=&#8221;center&#8221; module_class=&#8221;download-button&#8221; _builder_version=&#8221;4.9.4&#8243; custom_margin=&#8221;35px||||false|false&#8221;][\/et_pb_button][\/et_pb_column][\/et_pb_row][et_pb_row column_structure=&#8221;1_2,1_2&#8243; _builder_version=&#8221;4.4.7&#8243;][et_pb_column type=&#8221;1_2&#8243; _builder_version=&#8221;4.4.7&#8243;][et_pb_image src=&#8221;https:\/\/producersart.com\/wp-content\/uploads\/2021\/05\/DSC4921-low.jpg&#8221; title_text=&#8221;_DSC4921 low&#8221; admin_label=&#8221;Manfred Holtfrerich, Blatt 260, 2020, 50 x 42 cm, Aquarell auf B\u00fctten&#8221; _builder_version=&#8221;4.9.4&#8243; width=&#8221;50%&#8221; module_alignment=&#8221;center&#8221;][\/et_pb_image][\/et_pb_column][et_pb_column type=&#8221;1_2&#8243; _builder_version=&#8221;4.4.7&#8243;][et_pb_text _builder_version=&#8221;4.9.4&#8243;]\n<h4>herman de vries, pan de azucar, chile, 2020, signiert, 50 x70 cm, Erdausreibung, Foto: Helge Mundt<\/h4>\n[\/et_pb_text][et_pb_button button_url=&#8221;https:\/\/producersart.com\/wp-content\/uploads\/2021\/05\/DSC4921-high-scaled.jpg&#8221; button_text=&#8221;Download Print Resolution&#8221; button_alignment=&#8221;center&#8221; module_class=&#8221;download-button&#8221; _builder_version=&#8221;4.9.4&#8243; custom_margin=&#8221;35px||||false|false&#8221;][\/et_pb_button][\/et_pb_column][\/et_pb_row][et_pb_row column_structure=&#8221;1_2,1_2&#8243; _builder_version=&#8221;4.4.7&#8243;][et_pb_column type=&#8221;1_2&#8243; _builder_version=&#8221;4.4.7&#8243;][et_pb_image src=&#8221;https:\/\/producersart.com\/wp-content\/uploads\/2021\/05\/Anselm_Reyle-Untitled2020.jpeg&#8221; title_text=&#8221;Anselm_Reyle-Untitled,2020&#8243; admin_label=&#8221;Michael Sailstorfer, Heavy Tear 24 MAC 612 RUSSIAN RED, 2018, 50 x 40 x 2 cm, Lead, lipstick&#8221; _builder_version=&#8221;4.9.4&#8243; width=&#8221;50%&#8221; module_alignment=&#8221;center&#8221;][\/et_pb_image][\/et_pb_column][et_pb_column type=&#8221;1_2&#8243; _builder_version=&#8221;4.4.7&#8243;][et_pb_text _builder_version=&#8221;4.9.4&#8243;]\n<h4>Anselm Reyle, Untitled, 2020,r\u00fcckseitig signiert, 87 x 73 x 4 cm, mixed media on burlap<\/h4>\n[\/et_pb_text][et_pb_button button_url=&#8221;https:\/\/producersart.com\/wp-content\/uploads\/2021\/05\/Anselm_Reyle-Untitled_2020-01HR-scaled.jpg&#8221; button_text=&#8221;Download Print Resolution&#8221; button_alignment=&#8221;center&#8221; module_class=&#8221;download-button&#8221; _builder_version=&#8221;4.9.4&#8243; custom_margin=&#8221;35px||||false|false&#8221;][\/et_pb_button][\/et_pb_column][\/et_pb_row][et_pb_row column_structure=&#8221;1_2,1_2&#8243; _builder_version=&#8221;4.4.7&#8243;][et_pb_column type=&#8221;1_2&#8243; _builder_version=&#8221;4.4.7&#8243;][et_pb_image src=&#8221;https:\/\/producersart.com\/wp-content\/uploads\/2021\/05\/Tony_Cragg-Profiles_12008-scaled.jpg&#8221; title_text=&#8221;Tony_Cragg-Profiles_(1),2008&#8243; admin_label=&#8221;Michael Sailstorfer, Heavy Tear 24 MAC 612 RUSSIAN RED, 2018, 50 x 40 x 2 cm, Lead, lipstick&#8221; _builder_version=&#8221;4.9.4&#8243; width=&#8221;50%&#8221; module_alignment=&#8221;center&#8221;][\/et_pb_image][\/et_pb_column][et_pb_column type=&#8221;1_2&#8243; _builder_version=&#8221;4.4.7&#8243;][et_pb_text _builder_version=&#8221;4.9.4&#8243;]\n<h4>Tony Cragg, Profiles (1), 2008, signiert und datiert, 25,5 x 27 cm, Bleistift auf Velin<\/h4>\n[\/et_pb_text][et_pb_button button_url=&#8221;https:\/\/producersart.com\/wp-content\/uploads\/2021\/05\/Tony_Cragg-Profiles_12008-scaled.jpg&#8221; button_text=&#8221;Download Print Resolution&#8221; button_alignment=&#8221;center&#8221; module_class=&#8221;download-button&#8221; _builder_version=&#8221;4.9.4&#8243; custom_margin=&#8221;35px||||false|false&#8221;][\/et_pb_button][\/et_pb_column][\/et_pb_row][et_pb_row column_structure=&#8221;1_2,1_2&#8243; _builder_version=&#8221;4.4.7&#8243;][et_pb_column type=&#8221;1_2&#8243; _builder_version=&#8221;4.4.7&#8243;][et_pb_image src=&#8221;https:\/\/producersart.com\/wp-content\/uploads\/2021\/05\/50AfterCosts_BW.png&#8221; title_text=&#8221;50terCosts_BW&#8221; admin_label=&#8221;Jan Albers, pOpadOpe, 2017, 70 x 50 x 21 cm, Spray paint and ink on HDF panel and acrylic glass&#8221; _builder_version=&#8221;4.9.4&#8243; width=&#8221;50%&#8221; module_alignment=&#8221;center&#8221;][\/et_pb_image][\/et_pb_column][et_pb_column type=&#8221;1_2&#8243; _builder_version=&#8221;4.4.7&#8243;][et_pb_text _builder_version=&#8221;4.9.4&#8243;]\n<h4>Christian Jankowski, Global Membership &#8211; &#8220;50% After Costs&#8221;, 2019, signiert<\/h4>\n<h4>Acrylfarbe auf Koffer in Acrylglaskasten, 40 \u00d7 53 \u00d7 28 cm\u00a0<\/h4>\n<h4>Inkjet print auf Barytpapier (s\/w), 86 \u00d7 61 cm, gerahmt\u00a0<\/h4>\n[\/et_pb_text][et_pb_button button_url=&#8221;https:\/\/producersart.com\/wp-content\/uploads\/2021\/05\/50AfterCosts_BW.png&#8221; button_text=&#8221;Download Print Resolution&#8221; button_alignment=&#8221;center&#8221; module_class=&#8221;download-button&#8221; _builder_version=&#8221;4.9.4&#8243; custom_margin=&#8221;35px||||false|false&#8221;][\/et_pb_button][\/et_pb_column][\/et_pb_row][et_pb_row column_structure=&#8221;1_2,1_2&#8243; _builder_version=&#8221;4.4.7&#8243;][et_pb_column type=&#8221;1_2&#8243; _builder_version=&#8221;4.4.7&#8243;][et_pb_image src=&#8221;https:\/\/producersart.com\/wp-content\/uploads\/2021\/05\/Simon_Schubert-Pigmentreibung_5-2019-scaled.jpg&#8221; title_text=&#8221;Simon_Schubert-Pigmentreibung_5, 2019&#8243; admin_label=&#8221;Anselm Reyle, Je ne sais pas, 2020, 50 x 40 x 15 cm, Mischtechnik, Acrylglas&#8221; _builder_version=&#8221;4.9.4&#8243; width=&#8221;50%&#8221; module_alignment=&#8221;center&#8221;][\/et_pb_image][\/et_pb_column][et_pb_column type=&#8221;1_2&#8243; _builder_version=&#8221;4.4.7&#8243;][et_pb_text _builder_version=&#8221;4.9.4&#8243;]\n<h4><span>Simon Schubert, Raumspiegel 5, 2019, r\u00fcckseitig signiert, 70 x 50 cm, Pigmentausreibung<\/span><\/h4>\n[\/et_pb_text][et_pb_button button_url=&#8221;https:\/\/producersart.com\/wp-content\/uploads\/2021\/05\/Simon_Schubert-Pigmentreibung_5-2019-scaled.jpg&#8221; button_text=&#8221;Download Print Resolution&#8221; button_alignment=&#8221;center&#8221; module_class=&#8221;download-button&#8221; _builder_version=&#8221;4.9.4&#8243; custom_margin=&#8221;35px||||false|false&#8221;][\/et_pb_button][\/et_pb_column][\/et_pb_row][et_pb_row column_structure=&#8221;1_2,1_2&#8243; _builder_version=&#8221;4.4.7&#8243;][et_pb_column type=&#8221;1_2&#8243; _builder_version=&#8221;4.4.7&#8243;][et_pb_image src=&#8221;https:\/\/producersart.com\/wp-content\/uploads\/2021\/05\/Das-totale-Gluck-scaled.jpg&#8221; title_text=&#8221;Das totale Gl\u00fcck&#8221; admin_label=&#8221;Anselm Reyle, Je ne sais pas, 2020, 50 x 40 x 15 cm, Mischtechnik, Acrylglas&#8221; _builder_version=&#8221;4.9.4&#8243; width=&#8221;50%&#8221; module_alignment=&#8221;center&#8221;][\/et_pb_image][\/et_pb_column][et_pb_column type=&#8221;1_2&#8243; _builder_version=&#8221;4.4.7&#8243;][et_pb_text _builder_version=&#8221;4.9.4&#8243;]\n<h4><span>Albrecht\/Wilke, Das totale Gl\u00fcck, 2020, r\u00fcckseitig signiert, 160 x 140 cm, \u00d6l, Acryl auf Leinwand<\/span><\/h4>\n[\/et_pb_text][et_pb_button button_url=&#8221;https:\/\/producersart.com\/wp-content\/uploads\/2021\/05\/Das-totale-Gluck-scaled.jpg&#8221; button_text=&#8221;Download Print Resolution&#8221; button_alignment=&#8221;center&#8221; module_class=&#8221;download-button&#8221; _builder_version=&#8221;4.9.4&#8243; custom_margin=&#8221;35px||||false|false&#8221;][\/et_pb_button][\/et_pb_column][\/et_pb_row][et_pb_row column_structure=&#8221;1_2,1_2&#8243; _builder_version=&#8221;4.4.7&#8243;][et_pb_column type=&#8221;1_2&#8243; _builder_version=&#8221;4.4.7&#8243;][et_pb_image src=&#8221;https:\/\/producersart.com\/wp-content\/uploads\/2021\/05\/Little_star_little_star_102x82cm_2019_2M-scaled.jpg&#8221; title_text=&#8221;Little_star_little_star_102x82cm_2019_2M&#8221; admin_label=&#8221;Anselm Reyle, Je ne sais pas, 2020, 50 x 40 x 15 cm, Mischtechnik, Acrylglas&#8221; _builder_version=&#8221;4.9.4&#8243; width=&#8221;50%&#8221; module_alignment=&#8221;center&#8221;][\/et_pb_image][\/et_pb_column][et_pb_column type=&#8221;1_2&#8243; _builder_version=&#8221;4.4.7&#8243;][et_pb_text _builder_version=&#8221;4.9.4&#8243;]\n<h4><span>Xiyao Wang, Little star, little star, 2019, r\u00fcckseitig signiert, 102 x 82 cm, Acryl, \u00d6l, Kreide auf Leinwand<\/span><\/h4>\n[\/et_pb_text][et_pb_button button_url=&#8221;https:\/\/producersart.com\/wp-content\/uploads\/2021\/05\/Little_star_little_star_102x82cm_2019_2M-scaled.jpg&#8221; button_text=&#8221;Download Print Resolution&#8221; button_alignment=&#8221;center&#8221; module_class=&#8221;download-button&#8221; _builder_version=&#8221;4.9.4&#8243; custom_margin=&#8221;35px||||false|false&#8221;][\/et_pb_button][\/et_pb_column][\/et_pb_row][et_pb_row column_structure=&#8221;1_2,1_2&#8243; _builder_version=&#8221;4.4.7&#8243;][et_pb_column type=&#8221;1_2&#8243; _builder_version=&#8221;4.4.7&#8243;][et_pb_image src=&#8221;https:\/\/producersart.com\/wp-content\/uploads\/2021\/05\/Volker_Hermes-Hidden_Rauch_-Fotocollage2020.jpg&#8221; title_text=&#8221;Volker_Hermes-Hidden_Rauch_ Fotocollage,2020&#8243; admin_label=&#8221;Anselm Reyle, Je ne sais pas, 2020, 50 x 40 x 15 cm, Mischtechnik, Acrylglas&#8221; _builder_version=&#8221;4.9.4&#8243; width=&#8221;50%&#8221; module_alignment=&#8221;center&#8221;][\/et_pb_image][\/et_pb_column][et_pb_column type=&#8221;1_2&#8243; _builder_version=&#8221;4.4.7&#8243;][et_pb_text _builder_version=&#8221;4.9.4&#8243;]\n<h4><span>Volker Hermes, Hidden Rauch, 2020, Edition 5 + 1AP, signiert und nummeriert (1\/5), 50 x 40 cm, gerahmt, Fotocollage, Lambdaprint auf Aluminium Dibond<\/span><\/h4>\n[\/et_pb_text][et_pb_button button_url=&#8221;https:\/\/producersart.com\/wp-content\/uploads\/2021\/05\/Volker_Hermes-Hidden_Rauch_-Fotocollage2020.jpg&#8221; button_text=&#8221;Download Print Resolution&#8221; button_alignment=&#8221;center&#8221; module_class=&#8221;download-button&#8221; _builder_version=&#8221;4.9.4&#8243; custom_margin=&#8221;35px||||false|false&#8221;][\/et_pb_button][\/et_pb_column][\/et_pb_row][et_pb_row column_structure=&#8221;1_2,1_2&#8243; _builder_version=&#8221;4.4.7&#8243;][et_pb_column type=&#8221;1_2&#8243; _builder_version=&#8221;4.4.7&#8243;][et_pb_image src=&#8221;https:\/\/producersart.com\/wp-content\/uploads\/2021\/05\/MS_2021ELBBLICK_TOP-scaled.jpg&#8221; title_text=&#8221;MS_2021ELBBLICK_TOP&#8221; admin_label=&#8221;Anselm Reyle, Je ne sais pas, 2020, 50 x 40 x 15 cm, Mischtechnik, Acrylglas&#8221; _builder_version=&#8221;4.9.4&#8243; width=&#8221;50%&#8221; module_alignment=&#8221;center&#8221;][\/et_pb_image][\/et_pb_column][et_pb_column type=&#8221;1_2&#8243; _builder_version=&#8221;4.4.7&#8243;][et_pb_text _builder_version=&#8221;4.9.4&#8243;]\n<h4><span>Martin Spengler, Elbblick (Sollbruch\/R), 2021, r\u00fcckseitig signiert, 75 x 53 x 13 cm, Wellpappenrelief mit Gesso bemalt, Graphite und Permanentmarker, Foto: Johannes Rodach<\/span><\/h4>\n[\/et_pb_text][et_pb_button button_url=&#8221;https:\/\/producersart.com\/wp-content\/uploads\/2021\/05\/MS_2021ELBBLICK_TOP-scaled.jpg&#8221; button_text=&#8221;Download Print Resolution&#8221; button_alignment=&#8221;center&#8221; module_class=&#8221;download-button&#8221; _builder_version=&#8221;4.9.4&#8243; custom_margin=&#8221;35px||||false|false&#8221;][\/et_pb_button][\/et_pb_column][\/et_pb_row][et_pb_row column_structure=&#8221;1_2,1_2&#8243; _builder_version=&#8221;4.4.7&#8243;][et_pb_column type=&#8221;1_2&#8243; _builder_version=&#8221;4.4.7&#8243;][et_pb_image src=&#8221;https:\/\/producersart.com\/wp-content\/uploads\/2021\/05\/rochus10_75x100x8cm_Ol_MDF_2014-scaled.jpg&#8221; title_text=&#8221;rochus10_75x100x8cm_\u00d6l_MDF_2014&#8243; admin_label=&#8221;Anselm Reyle, Je ne sais pas, 2020, 50 x 40 x 15 cm, Mischtechnik, Acrylglas&#8221; _builder_version=&#8221;4.9.4&#8243; width=&#8221;50%&#8221; module_alignment=&#8221;center&#8221;][\/et_pb_image][\/et_pb_column][et_pb_column type=&#8221;1_2&#8243; _builder_version=&#8221;4.4.7&#8243;][et_pb_text _builder_version=&#8221;4.9.4&#8243;]\n<h4><span>Felix Rehfeld, Rochus 10, 2014, r\u00fcckseitig signiert, 75 x 100 x 8 cm, mit \u00d6lfarbe bemaltes MDF Relief<\/span><\/h4>\n[\/et_pb_text][et_pb_button button_url=&#8221;https:\/\/producersart.com\/wp-content\/uploads\/2021\/05\/rochus10_75x100x8cm_Ol_MDF_2014-scaled.jpg&#8221; button_text=&#8221;Download Print Resolution&#8221; button_alignment=&#8221;center&#8221; module_class=&#8221;download-button&#8221; _builder_version=&#8221;4.9.4&#8243; custom_margin=&#8221;35px||||false|false&#8221;][\/et_pb_button][\/et_pb_column][\/et_pb_row][\/et_pb_section]\n","protected":false},"excerpt":{"rendered":"<p>&nbsp; &nbsp; &nbsp; &nbsp; &nbsp; &nbsp; &nbsp;Logo &#8211; Producers Art PlatformLatest Press releaseAuction catalogueHiRes Artworks given for charity auctionHeinz Mack, Ohne Titel (Chromatische\u00a0Konstellation), 2020, &#8220;mack20&#8221; vorder- und r\u00fcckseitig, 51 x 55 cm, Acryl auf Leinwand &nbsp; \u00a0Michael Wesely, Stillleben (9.5.-16.5.20), r\u00fcckseitig signiert, 97 x 115 cm, Langzeitbelichtung, Acryl Inkjet print auf verspiegeltem AluminiumMichael Sailstorfer, Brain [&hellip;]<\/p>\n","protected":false},"author":229,"featured_media":0,"parent":0,"menu_order":0,"comment_status":"closed","ping_status":"closed","template":"","meta":{"_acf_changed":false,"_et_pb_use_builder":"on","_et_pb_old_content":"","_et_gb_content_width":"","footnotes":""},"acf":[],"_links":{"self":[{"href":"https:\/\/producersart.com\/index.php\/wp-json\/wp\/v2\/pages\/3683"}],"collection":[{"href":"https:\/\/producersart.com\/index.php\/wp-json\/wp\/v2\/pages"}],"about":[{"href":"https:\/\/producersart.com\/index.php\/wp-json\/wp\/v2\/types\/page"}],"author":[{"embeddable":true,"href":"https:\/\/producersart.com\/index.php\/wp-json\/wp\/v2\/users\/229"}],"replies":[{"embeddable":true,"href":"https:\/\/producersart.com\/index.php\/wp-json\/wp\/v2\/comments?post=3683"}],"version-history":[{"count":66,"href":"https:\/\/producersart.com\/index.php\/wp-json\/wp\/v2\/pages\/3683\/revisions"}],"predecessor-version":[{"id":13295,"href":"https:\/\/producersart.com\/index.php\/wp-json\/wp\/v2\/pages\/3683\/revisions\/13295"}],"wp:attachment":[{"href":"https:\/\/producersart.com\/index.php\/wp-json\/wp\/v2\/media?parent=3683"}],"curies":[{"name":"wp","href":"https:\/\/api.w.org\/{rel}","templated":true}]}}