{"id":2628,"date":"2020-05-29T14:38:22","date_gmt":"2020-05-29T12:38:22","guid":{"rendered":"https:\/\/producersart.com\/?page_id=2628"},"modified":"2021-11-15T11:16:53","modified_gmt":"2021-11-15T10:16:53","slug":"about","status":"publish","type":"page","link":"https:\/\/producersart.com\/index.php\/about\/","title":{"rendered":"About"},"content":{"rendered":"[et_pb_section fb_built=&#8221;1&#8243; _builder_version=&#8221;4.4.7&#8243; use_background_color_gradient=&#8221;on&#8221; background_color_gradient_start=&#8221;#020000&#8243; background_color_gradient_end=&#8221;rgba(0,0,0,0)&#8221; background_color_gradient_end_position=&#8221;80%&#8221; background_image=&#8221;https:\/\/producersart.com\/wp-content\/uploads\/2020\/05\/Reyle_Je-ne-sais-pas_header-e1590947426571.png&#8221; min_height=&#8221;400px&#8221; global_colors_info=&#8221;{}&#8221;][et_pb_row _builder_version=&#8221;4.4.7&#8243; global_colors_info=&#8221;{}&#8221;][et_pb_column type=&#8221;4_4&#8243; _builder_version=&#8221;4.4.7&#8243; global_colors_info=&#8221;{}&#8221;][\/et_pb_column][\/et_pb_row][\/et_pb_section][et_pb_section fb_built=&#8221;1&#8243; fullwidth=&#8221;on&#8221; _builder_version=&#8221;4.4.8&#8243; custom_margin=&#8221;0px||0px||false|false&#8221; custom_padding=&#8221;0px||0px||false|false&#8221; global_colors_info=&#8221;{}&#8221;][et_pb_fullwidth_code _builder_version=&#8221;4.4.8&#8243; custom_margin=&#8221;0px||0px||false|false&#8221; custom_padding=&#8221;0px||0px|10px|false|false&#8221; custom_css_main_element=&#8221;font-family: Verdana, Geneva, sans-serif;||text-align: left;||font-size: 8px;||align-items: flex-start;&#8221; global_colors_info=&#8221;{}&#8221;]Photo: Matthias Kolb, Studio Anselm Reyle[\/et_pb_fullwidth_code][\/et_pb_section][et_pb_section fb_built=&#8221;1&#8243; _builder_version=&#8221;4.4.7&#8243; global_colors_info=&#8221;{}&#8221;][et_pb_row _builder_version=&#8221;4.4.7&#8243; global_colors_info=&#8221;{}&#8221;][et_pb_column type=&#8221;4_4&#8243; _builder_version=&#8221;4.4.7&#8243; global_colors_info=&#8221;{}&#8221;][et_pb_text disabled_on=&#8221;on|on|on&#8221; _builder_version=&#8221;4.4.7&#8243; disabled=&#8221;on&#8221; global_colors_info=&#8221;{}&#8221;]\n<h4>PArt \u2013 Konzept<\/h4>\n<p>&nbsp;<\/p>\n<p>&nbsp;<\/p>\n<p style=\"padding-left: 30px;\">Am Anfang standen die Leidenschaft f\u00fcr die Kunst und viele pers\u00f6nliche Freundschaften zu K\u00fcnstler, Galerien und Sammlern. \u00dcber diese Leidenschaft legte sich urpl\u00f6tzlich ein Schatten \u2013 denn ganz unmittelbar erlebten wir im engsten Umfeld mit, wie die Corona-Pandemie eine Z\u00e4sur setzte.<\/p>\n<p style=\"padding-left: 30px;\">\n<p style=\"padding-left: 30px;\">PArt setzt genau hier an: wir wollen tempor\u00e4r Hilfe zur Selbsthilfe leisten und auf digitaler Ebene K\u00fcnstler und Galerien mit Sammlern zusammenbringen. Die Producers Art Plattform bietet virtuell die M\u00f6glichkeit wichtige k\u00fcnstlerische Positionen wie auch Newcomer zu entdecken und mit dem Kauf von Kunst nicht nur einen, sondern gleich mehrere K\u00fcnstler zu unterst\u00fctzen. Denn aus jedem Verkauf flie\u00dft ein prozentualer Anteil in den PArt-Soforthilfe-Fond, der schnell und unb\u00fcrokratisch ausgesch\u00fcttet wird.<\/p>\n<p style=\"padding-left: 30px;\">\n<p style=\"padding-left: 30px;\">Neben einer digitalen Ausstellungsplattform hat PArt ein weiteres Highlight parat: um m\u00f6glichst schnell helfen zu k\u00f6nnen, richtet unser Partner VAN HAM eine Charity-Auktion aus. Auch hier flie\u00dfen der Hammerpreise h\u00e4lftig an den Einlieferer des Werkes und h\u00e4lftig in den PArt-Soforthilfe-Fond.<\/p>\n<p style=\"padding-left: 30px;\">\n<p style=\"padding-left: 30px;\">Zus\u00e4tzlich besteht die M\u00f6glichkeit, den PArt-Soforthilfe-Fond wie auch die PArt-Plattform mit Spenden zu unterst\u00fctzen.<\/p>\n<p style=\"padding-left: 30px;\">\n<p style=\"padding-left: 30px;\">BE PART!<\/p>\n[\/et_pb_text][\/et_pb_column][\/et_pb_row][et_pb_row _builder_version=&#8221;4.4.7&#8243; global_colors_info=&#8221;{}&#8221;][et_pb_column type=&#8221;4_4&#8243; _builder_version=&#8221;4.4.7&#8243; global_colors_info=&#8221;{}&#8221;][et_pb_divider color=&#8221;#000000&#8243; disabled_on=&#8221;on|on|on&#8221; _builder_version=&#8221;4.4.7&#8243; disabled=&#8221;on&#8221; global_colors_info=&#8221;{}&#8221;][\/et_pb_divider][\/et_pb_column][\/et_pb_row][et_pb_row _builder_version=&#8221;4.4.7&#8243; global_colors_info=&#8221;{}&#8221;][et_pb_column type=&#8221;4_4&#8243; _builder_version=&#8221;4.4.7&#8243; global_colors_info=&#8221;{}&#8221;][et_pb_text _builder_version=&#8221;4.4.7&#8243; global_colors_info=&#8221;{}&#8221;]\n<h3>PArt Team:<\/h3>\n[\/et_pb_text][\/et_pb_column][\/et_pb_row][et_pb_row _builder_version=&#8221;4.4.7&#8243; global_colors_info=&#8221;{}&#8221;][et_pb_column type=&#8221;4_4&#8243; _builder_version=&#8221;4.4.7&#8243; global_colors_info=&#8221;{}&#8221;][et_pb_text _builder_version=&#8221;4.7.7&#8243; global_colors_info=&#8221;{}&#8221;]\n<h4 style=\"text-align: center;\"><em>&#8220;Only when man helps art can art help man.\u201c<\/em><\/h4>\n[\/et_pb_text][\/et_pb_column][\/et_pb_row][et_pb_row _builder_version=&#8221;4.4.7&#8243; global_colors_info=&#8221;{}&#8221;][et_pb_column type=&#8221;4_4&#8243; _builder_version=&#8221;4.4.7&#8243; global_colors_info=&#8221;{}&#8221;][et_pb_testimonial author=&#8221;Sabine Adler&#8221; portrait_url=&#8221;https:\/\/producersart.com\/wp-content\/uploads\/2020\/12\/Sabine_Adler_sw.png&#8221; _builder_version=&#8221;4.7.7&#8243; global_colors_info=&#8221;{}&#8221;]\n<p>Sabine Adler studied art history and German studies. She is responsible for the Gustav Werner Forum in Reutlingen as an exhibition consultant. She is currently completing further training as a cultural manager. She is an honorary board member of the Kunstverein Germersheim. At PArt she accompanies the format of the artist talks PArt-Talks.<\/p>\n[\/et_pb_testimonial][et_pb_testimonial author=&#8221;Lara Bader&#8221; portrait_url=&#8221;https:\/\/producersart.com\/wp-content\/uploads\/2021\/11\/sw_IMG_1430-1-scaled.jpg&#8221; _builder_version=&#8221;4.10.6&#8243; hover_enabled=&#8221;0&#8243; global_colors_info=&#8221;{}&#8221; title_text=&#8221;binary comment&#8221; sticky_enabled=&#8221;0&#8243;]\n<p><span>Lara Bader studied art history, education, and museum management. As a freelance art historian and author, she focuses on contemporary art, exhibition theory and practice and provenance research. At PArt she is responsible for the image editing and content maintenance of the website and blog.<\/span><\/p>\n[\/et_pb_testimonial][et_pb_testimonial author=&#8221;Barbara Boner&#8221; portrait_url=&#8221;https:\/\/producersart.com\/wp-content\/uploads\/2020\/05\/Barbara-Boner.jpeg&#8221; _builder_version=&#8221;4.7.7&#8243; global_colors_info=&#8221;{}&#8221;]\n<p>Barbara Boner is a trained graphic designer and has extensive experience in the areas of design and brand as an art director. She stands for the visualisation of PArt in all graphic matters and has thus given the idea and concept its brand face. She also designs the PArt advertising and banner campaigns.<\/p>\n[\/et_pb_testimonial][et_pb_testimonial author=&#8221;Dr. Maya Anna Rosalie Gro\u00dfmann&#8221; portrait_url=&#8221;https:\/\/producersart.com\/wp-content\/uploads\/2020\/12\/Maya_grossmann.png&#8221; _builder_version=&#8221;4.7.7&#8243; global_colors_info=&#8221;{}&#8221;]\n<p>Dr. phil. Maya Anna Rosalie Gro\u00dfmann is an art historian and Scandinavian scholar. She has worked on various art and cultural studies exhibition projects. Her research focuses on modern and contemporary art, art as activism and the politicisation of aesthetics. She supports PArt in the area of social media communication, manages the partner programmes and curates corporate collections.<\/p>\n[\/et_pb_testimonial][et_pb_testimonial author=&#8221;Ulf Axel Herold&#8221; portrait_url=&#8221;https:\/\/producersart.com\/wp-content\/uploads\/2020\/05\/slider-ulf-axel-herold-e1590756851966.jpeg&#8221; _builder_version=&#8221;4.7.7&#8243; global_colors_info=&#8221;{}&#8221;]\n<p>Ulf-Axel Herold is involved in the development and market support of editions and multiples at Spiegelberger Kunstkonzepte. At PArt, he is responsible for sales and sponsorship, as well as technical matters and support for the platform. In these areas, he is also the contact person for the concerns of artists and clients.<\/p>\n[\/et_pb_testimonial][et_pb_testimonial author=&#8221;Nora Niefanger&#8221; portrait_url=&#8221;https:\/\/producersart.com\/wp-content\/uploads\/2020\/12\/Niefanger_-.png&#8221; _builder_version=&#8221;4.9.0&#8243; global_colors_info=&#8221;{}&#8221;]\n<p>Nora Niefanger studied art history and does her doctorate on contemporary painting. She also works as a mediator for the Foundation of Historical Museums in Hamburg. For PArt, she is the interface to the Spiegelberger Foundation and supports the organisation of the platform and the PArt Talks.<\/p>\n[\/et_pb_testimonial][et_pb_testimonial author=&#8221;Konstantin Pfl\u00fcger&#8221; portrait_url=&#8221;https:\/\/producersart.com\/wp-content\/uploads\/2020\/12\/Konstantin_Pflueger.png&#8221; _builder_version=&#8221;4.10.6&#8243; hover_enabled=&#8221;0&#8243; global_colors_info=&#8221;{}&#8221; sticky_enabled=&#8221;0&#8243;]\n<p>Konstantin Pfl\u00fcger is a digital citizen who has accompanied the development of the global village into a world city. As an entrepreneur, co-thinker and evangelist for the opportunities of digital transformation and as the founder of Anywhere digital GmbH, he accompanies start-ups, established companies and their brands in their digital development. At PArt, he is the architect of the complex platform structure and all IT solutions that had to be conceived and created in a very short time.<\/p>\n[\/et_pb_testimonial][et_pb_testimonial author=&#8221;Romina Quind\u00f3s&#8221; portrait_url=&#8221;https:\/\/producersart.com\/wp-content\/uploads\/2021\/11\/part.jpg&#8221; _builder_version=&#8221;4.10.6&#8243; hover_enabled=&#8221;0&#8243; global_colors_info=&#8221;{}&#8221; title_text=&#8221;part&#8221; sticky_enabled=&#8221;0&#8243;]\n<p><span>Romina Quind\u00f3s is an art historian and media scholar, specializing in modern and contemporary art.She has worked in various galleries and is now a freelance art consultant. <\/span><br \/><span>At PArt she accompanies the format of artist talks PArt-Talks.<\/span><\/p>\n[\/et_pb_testimonial][et_pb_testimonial author=&#8221;Alexander C. Schmitz&#8221; portrait_url=&#8221;https:\/\/producersart.com\/wp-content\/uploads\/2020\/05\/Alexander-Schmitz.jpeg&#8221; _builder_version=&#8221;4.7.7&#8243; global_colors_info=&#8221;{}&#8221;]\n<p>Alexander C. Schmitz has been looking after private and institutional collections with a focus on classical modern and contemporary art since 2013. As an art market expert, he supports the initiative with his network. In addition, he is active in approaching and supporting artists for PArt.<\/p>\n[\/et_pb_testimonial][et_pb_testimonial author=&#8221;Ren\u00e9 S. Spiegelberger&#8221; portrait_url=&#8221;https:\/\/producersart.com\/wp-content\/uploads\/2020\/05\/Rene-S.-Spiegelberger.jpg&#8221; _builder_version=&#8221;4.10.6&#8243; hover_enabled=&#8221;0&#8243; global_colors_info=&#8221;{}&#8221; sticky_enabled=&#8221;0&#8243;]\n<p>Rene S. Spiegelberger is chairman of the Spiegelberger Art Foundation, which realises its purposes by promoting exceptional young artists and art education in schools. He accompanies art foundations in their establishment, collection orientation and fulfilment of the foundation&#8217;s purpose. He is the author of numerous articles and publications on the subject of the artmarket.<\/p>\n[\/et_pb_testimonial][et_pb_testimonial author=&#8221;Anne Simone Kr\u00fcger&#8221; portrait_url=&#8221;https:\/\/producersart.com\/wp-content\/uploads\/2020\/05\/Anne-Simone-Kru\u0308ger_Foto-Crsten-Witte.jpg&#8221; disabled_on=&#8221;on|on|on&#8221; _builder_version=&#8221;4.4.7&#8243; disabled=&#8221;on&#8221; global_colors_info=&#8221;{}&#8221;]\n<p><span style=\"color: #151b26; font-family: -apple-system, system-ui, 'Segoe UI', Roboto, 'Helvetica Neue', Helvetica, Arial, sans-serif; font-size: 13px; font-style: normal; font-variant-ligatures: normal; font-variant-caps: normal; font-weight: 400; letter-spacing: normal; orphans: 2; text-align: start; text-indent: 0px; text-transform: none; white-space: pre-wrap; widows: 2; word-spacing: 0px; -webkit-text-stroke-width: 0px; background-color: #f6f8f9; text-decoration-style: initial; text-decoration-color: initial; display: inline !important; float: none;\">Anne Simone Kr\u00fcger vertritt die PArt in den Bereichen Presse, Social Media,<\/span><s style=\"margin: 0px; padding: 0px; border: 0px; font-size: 13px; font-family: -apple-system, system-ui, 'Segoe UI', Roboto, 'Helvetica Neue', Helvetica, Arial, sans-serif; vertical-align: baseline; color: #151b26; font-style: normal; font-variant-ligatures: normal; font-variant-caps: normal; font-weight: 400; letter-spacing: normal; orphans: 2; text-align: start; text-indent: 0px; text-transform: none; white-space: pre-wrap; widows: 2; word-spacing: 0px; -webkit-text-stroke-width: 0px; background-color: #f6f8f9;\">\u00a0<\/s><span style=\"color: #151b26; font-family: -apple-system, system-ui, 'Segoe UI', Roboto, 'Helvetica Neue', Helvetica, Arial, sans-serif; font-size: 13px; font-style: normal; font-variant-ligatures: normal; font-variant-caps: normal; font-weight: 400; letter-spacing: normal; orphans: 2; text-align: start; text-indent: 0px; text-transform: none; white-space: pre-wrap; widows: 2; word-spacing: 0px; -webkit-text-stroke-width: 0px; background-color: #f6f8f9; text-decoration-style: initial; text-decoration-color: initial; display: inline !important; float: none;\">Kommunikation und der K\u00fcnstlerkommunikation. Die studierte Kunsthistorikerin ist als freie Autorin und Kuratorin auf Zeitgen\u00f6ssische Kunst spezialisiert.\u00a0<\/span><\/p>\n[\/et_pb_testimonial][\/et_pb_column][\/et_pb_row][\/et_pb_section][et_pb_section fb_built=&#8221;1&#8243; disabled_on=&#8221;on|off|off&#8221; _builder_version=&#8221;4.4.2&#8243; custom_padding=&#8221;7px||82px|||&#8221; global_module=&#8221;2669&#8243; saved_tabs=&#8221;all&#8221; global_colors_info=&#8221;{}&#8221;][et_pb_row column_structure=&#8221;1_6,1_6,1_6,1_6,1_6,1_6&#8243; disabled_on=&#8221;on|off|off&#8221; _builder_version=&#8221;4.4.2&#8243; custom_padding=&#8221;||0px|||&#8221; global_colors_info=&#8221;{}&#8221;][et_pb_column type=&#8221;1_6&#8243; _builder_version=&#8221;4.4.2&#8243; global_colors_info=&#8221;{}&#8221;][et_pb_text admin_label=&#8221;Media Partner&#8221; _builder_version=&#8221;4.4.6&#8243; global_colors_info=&#8221;{}&#8221;]\n<h4 class=\"et_pb_module_header et-fb-editable-element et-fb-editable-element__editing\" data-shortcode-id=\"5.0.0.0-1588747353599\" data-quickaccess-id=\"header\" contenteditable=\"true\">Media Partner<\/h4>\n[\/et_pb_text][\/et_pb_column][et_pb_column type=&#8221;1_6&#8243; _builder_version=&#8221;4.4.2&#8243; global_colors_info=&#8221;{}&#8221;][et_pb_text admin_label=&#8221;Association Partner&#8221; _builder_version=&#8221;4.4.8&#8243; global_colors_info=&#8221;{}&#8221;]\n<h4 class=\"et_pb_module_header et-fb-editable-element et-fb-editable-element__editing\" data-shortcode-id=\"5.0.0.0-1588747353599\" data-quickaccess-id=\"header\" contenteditable=\"true\">Association Partner<\/h4>\n[\/et_pb_text][\/et_pb_column][et_pb_column type=&#8221;1_6&#8243; _builder_version=&#8221;4.4.5&#8243; global_colors_info=&#8221;{}&#8221;][\/et_pb_column][et_pb_column type=&#8221;1_6&#8243; _builder_version=&#8221;4.4.2&#8243; global_colors_info=&#8221;{}&#8221;][\/et_pb_column][et_pb_column type=&#8221;1_6&#8243; _builder_version=&#8221;4.4.2&#8243; global_colors_info=&#8221;{}&#8221;][et_pb_text admin_label=&#8221;Sponsoring Partner&#8221; _builder_version=&#8221;4.4.6&#8243; global_colors_info=&#8221;{}&#8221;]\n<h4 class=\"et_pb_module_header et-fb-editable-element et-fb-editable-element__editing\" data-shortcode-id=\"5.0.0.0-1588747353599\" data-quickaccess-id=\"header\" contenteditable=\"true\">Sponsoring Partners<\/h4>\n[\/et_pb_text][\/et_pb_column][et_pb_column type=&#8221;1_6&#8243; _builder_version=&#8221;4.4.2&#8243; global_colors_info=&#8221;{}&#8221;][\/et_pb_column][\/et_pb_row][et_pb_row column_structure=&#8221;1_6,1_6,1_6,1_6,1_6,1_6&#8243; disabled_on=&#8221;on|off|off&#8221; _builder_version=&#8221;4.4.5&#8243; min_height=&#8221;100px&#8221; height=&#8221;100px&#8221; max_height=&#8221;100px&#8221; custom_padding=&#8221;3px|||||&#8221; global_colors_info=&#8221;{}&#8221;][et_pb_column type=&#8221;1_6&#8243; _builder_version=&#8221;4.4.5&#8243; global_colors_info=&#8221;{}&#8221;][et_pb_image src=&#8221;https:\/\/producersart.com\/wp-content\/uploads\/2020\/05\/NZZ_Logo_klein.png&#8221; title_text=&#8221;NZZ_Logo_klein&#8221; admin_label=&#8221;NZZ&#8221; _builder_version=&#8221;4.4.6&#8243; global_colors_info=&#8221;{}&#8221;][\/et_pb_image][\/et_pb_column][et_pb_column type=&#8221;1_6&#8243; _builder_version=&#8221;4.4.5&#8243; global_colors_info=&#8221;{}&#8221;][et_pb_image src=&#8221;https:\/\/producersart.com\/wp-content\/uploads\/2020\/06\/Logo-WR.jpg&#8221; title_text=&#8221;Logo WR&#8221; _builder_version=&#8221;4.4.8&#8243; custom_margin=&#8221;35px||||false|false&#8221; global_colors_info=&#8221;{}&#8221;][\/et_pb_image][\/et_pb_column][et_pb_column type=&#8221;1_6&#8243; _builder_version=&#8221;4.4.5&#8243; global_colors_info=&#8221;{}&#8221;][et_pb_image src=&#8221;https:\/\/producersart.com\/wp-content\/uploads\/2020\/06\/large_logo_ho_bdi_4c_k_links_und_im_bdi_ev.jpg&#8221; title_text=&#8221;large_logo_ho_bdi_4c_k_links_und_im_bdi_ev&#8221; _builder_version=&#8221;4.4.8&#8243; custom_margin=&#8221;25px||||false|false&#8221; global_colors_info=&#8221;{}&#8221;][\/et_pb_image][\/et_pb_column][et_pb_column type=&#8221;1_6&#8243; _builder_version=&#8221;4.4.5&#8243; global_colors_info=&#8221;{}&#8221;][et_pb_image src=&#8221;https:\/\/producersart.com\/wp-content\/uploads\/2020\/09\/RZ-MeetFrida_Logo.png&#8221; alt=&#8221;#MeetFrida&#8221; title_text=&#8221;RZ MeetFrida_Logo&#8221; url=&#8221;https:\/\/meetfrida.art&#8221; admin_label=&#8221;Meet Frida&#8221; _builder_version=&#8221;4.6.0&#8243; custom_margin=&#8221;35px||||false|false&#8221; global_colors_info=&#8221;{}&#8221;][\/et_pb_image][\/et_pb_column][et_pb_column type=&#8221;1_6&#8243; _builder_version=&#8221;4.4.5&#8243; global_colors_info=&#8221;{}&#8221;][et_pb_image src=&#8221;https:\/\/producersart.com\/wp-content\/uploads\/2020\/05\/Donner_Reuschel_Logo_klein-1.png&#8221; title_text=&#8221;Donner_Reuschel_Logo_klein&#8221; url=&#8221;https:\/\/www.donner-reuschel.de\/&#8221; url_new_window=&#8221;on&#8221; admin_label=&#8221;Donner&#038;Reuschel&#8221; _builder_version=&#8221;4.4.8&#8243; global_colors_info=&#8221;{}&#8221;][\/et_pb_image][\/et_pb_column][et_pb_column type=&#8221;1_6&#8243; _builder_version=&#8221;4.4.5&#8243; global_colors_info=&#8221;{}&#8221;][et_pb_image src=&#8221;https:\/\/producersart.com\/wp-content\/uploads\/2020\/05\/vanHam_Logo.png&#8221; title_text=&#8221;vanHam_Logo&#8221; admin_label=&#8221;VAN HAM&#8221; _builder_version=&#8221;4.4.8&#8243; global_colors_info=&#8221;{}&#8221;][\/et_pb_image][\/et_pb_column][\/et_pb_row][et_pb_row column_structure=&#8221;1_6,1_6,1_6,1_6,1_6,1_6&#8243; _builder_version=&#8221;4.4.8&#8243; global_colors_info=&#8221;{}&#8221;][et_pb_column type=&#8221;1_6&#8243; _builder_version=&#8221;4.4.8&#8243; global_colors_info=&#8221;{}&#8221;][\/et_pb_column][et_pb_column type=&#8221;1_6&#8243; _builder_version=&#8221;4.4.8&#8243; global_colors_info=&#8221;{}&#8221;][et_pb_image src=&#8221;https:\/\/producersart.com\/wp-content\/uploads\/2020\/06\/DFU_Logo_Magenta-pos_sRGB.png&#8221; title_text=&#8221;DFU_Logo_Magenta-pos_sRGB&#8221; url=&#8221;https:\/\/www.familienunternehmer.eu&#8221; admin_label=&#8221;Familienunternehmer&#8221; _builder_version=&#8221;4.4.8&#8243; width=&#8221;80%&#8221; module_alignment=&#8221;center&#8221; custom_margin=&#8221;30px||||false|false&#8221; global_colors_info=&#8221;{}&#8221;][\/et_pb_image][\/et_pb_column][et_pb_column type=&#8221;1_6&#8243; _builder_version=&#8221;4.4.8&#8243; global_colors_info=&#8221;{}&#8221;][et_pb_image src=&#8221;https:\/\/producersart.com\/wp-content\/uploads\/2020\/06\/wbu_logo_4c.jpg&#8221; title_text=&#8221;wbu_logo_4c.eps&#8221; url=&#8221;https:\/\/www.wbu.de\/startseite\/&#8221; admin_label=&#8221;Wirtschaftsrat Bayern&#8221; _builder_version=&#8221;4.4.8&#8243; custom_margin=&#8221;20px||||false|false&#8221; global_colors_info=&#8221;{}&#8221;][\/et_pb_image][\/et_pb_column][et_pb_column type=&#8221;1_6&#8243; _builder_version=&#8221;4.4.8&#8243; global_colors_info=&#8221;{}&#8221;][et_pb_image src=&#8221;https:\/\/producersart.com\/wp-content\/uploads\/2020\/09\/Art-Springboard-logo.jpg&#8221; alt=&#8221;Art Springboard&#8221; title_text=&#8221;Art Springboard logo&#8221; url=&#8221;https:\/\/www.artspringboard.com&#8221; admin_label=&#8221;Art Springboard&#8221; _builder_version=&#8221;4.6.0&#8243; custom_margin=&#8221;30px||||false|false&#8221; global_colors_info=&#8221;{}&#8221;][\/et_pb_image][\/et_pb_column][et_pb_column type=&#8221;1_6&#8243; _builder_version=&#8221;4.4.8&#8243; global_colors_info=&#8221;{}&#8221;][et_pb_image src=&#8221;https:\/\/producersart.com\/wp-content\/uploads\/2020\/05\/ICL_LOGO_SQUARE.png&#8221; title_text=&#8221;ICL_LOGO_SQUARE&#8221; admin_label=&#8221;Independent collectors&#8221; _builder_version=&#8221;4.4.8&#8243; global_colors_info=&#8221;{}&#8221;][\/et_pb_image][\/et_pb_column][et_pb_column type=&#8221;1_6&#8243; _builder_version=&#8221;4.4.8&#8243; global_colors_info=&#8221;{}&#8221;][\/et_pb_column][\/et_pb_row][\/et_pb_section]\n","protected":false},"excerpt":{"rendered":"<p>PArt \u2013 Konzept &nbsp; &nbsp; Am Anfang standen die Leidenschaft f\u00fcr die Kunst und viele pers\u00f6nliche Freundschaften zu K\u00fcnstler, Galerien und Sammlern. \u00dcber diese Leidenschaft legte sich urpl\u00f6tzlich ein Schatten \u2013 denn ganz unmittelbar erlebten wir im engsten Umfeld mit, wie die Corona-Pandemie eine Z\u00e4sur setzte. PArt setzt genau hier an: wir wollen tempor\u00e4r Hilfe [&hellip;]<\/p>\n","protected":false},"author":1,"featured_media":0,"parent":0,"menu_order":0,"comment_status":"closed","ping_status":"closed","template":"","meta":{"_acf_changed":false,"_et_pb_use_builder":"on","_et_pb_old_content":"","_et_gb_content_width":"","footnotes":""},"acf":[],"_links":{"self":[{"href":"https:\/\/producersart.com\/index.php\/wp-json\/wp\/v2\/pages\/2628"}],"collection":[{"href":"https:\/\/producersart.com\/index.php\/wp-json\/wp\/v2\/pages"}],"about":[{"href":"https:\/\/producersart.com\/index.php\/wp-json\/wp\/v2\/types\/page"}],"author":[{"embeddable":true,"href":"https:\/\/producersart.com\/index.php\/wp-json\/wp\/v2\/users\/1"}],"replies":[{"embeddable":true,"href":"https:\/\/producersart.com\/index.php\/wp-json\/wp\/v2\/comments?post=2628"}],"version-history":[{"count":27,"href":"https:\/\/producersart.com\/index.php\/wp-json\/wp\/v2\/pages\/2628\/revisions"}],"predecessor-version":[{"id":14101,"href":"https:\/\/producersart.com\/index.php\/wp-json\/wp\/v2\/pages\/2628\/revisions\/14101"}],"wp:attachment":[{"href":"https:\/\/producersart.com\/index.php\/wp-json\/wp\/v2\/media?parent=2628"}],"curies":[{"name":"wp","href":"https:\/\/api.w.org\/{rel}","templated":true}]}}